{"id":23015,"date":"2024-06-14T09:56:44","date_gmt":"2024-06-14T09:56:44","guid":{"rendered":"https:\/\/armada.az\/?post_type=product&#038;p=23015"},"modified":"2024-06-14T10:11:47","modified_gmt":"2024-06-14T10:11:47","slug":"ex3-internal-stain-noritake-copy-copy","status":"publish","type":"product","link":"https:\/\/armada.az\/en\/product\/ex3-internal-stain-noritake-copy-copy\/","title":{"rendered":"EX-3 KITS &#8211; NORITAKE"},"content":{"rendered":"<p>Metal \u00c7\u0259r\u00e7iv\u0259 B\u0259rpas\u0131 \u00fc\u00e7\u00fcn DENTAL PORSELAIN<br \/>\nThe fabrication procedures for NORITAKE SUPER PORCELAIN EX-3 are remarkably easy. Its outstanding features are made possible because of its very fine particle size. NORITAKE SUPER PORCELAIN EX-3 is superior to other dental porcelains because its coefficient of thermal expansion(CTE)remains stable during repeated bakings. when making a long span bridge, each unit may be precisely customized with repeated baking of the entire span with minimal risk of cracking. It is compatible with precious, semi-precious, non-precious and silverfree alloys for metal-ceramic protheses. Its fluorescence is ideal and it is highly resistant to silver-induced greening. This combination of features makes NORITAKE SUPER PORCELAIN EX-3 an ideal choice for porcelain restorations. .<\/p>\n<p><img fetchpriority=\"high\" decoding=\"async\" class=\"aligncenter wp-image-23022 size-full\" src=\"https:\/\/armada.az\/wp-content\/uploads\/2024\/06\/ex3brochure-u-1.webp\" alt=\"\" width=\"1400\" height=\"1980\" srcset=\"https:\/\/armada.az\/wp-content\/uploads\/2024\/06\/ex3brochure-u-1.webp 1400w, https:\/\/armada.az\/wp-content\/uploads\/2024\/06\/ex3brochure-u-1-212x300.webp 212w, https:\/\/armada.az\/wp-content\/uploads\/2024\/06\/ex3brochure-u-1-566x800.webp 566w, https:\/\/armada.az\/wp-content\/uploads\/2024\/06\/ex3brochure-u-1-768x1086.webp 768w, https:\/\/armada.az\/wp-content\/uploads\/2024\/06\/ex3brochure-u-1-1086x1536.webp 1086w, https:\/\/armada.az\/wp-content\/uploads\/2024\/06\/ex3brochure-u-1-860x1216.webp 860w, https:\/\/armada.az\/wp-content\/uploads\/2024\/06\/ex3brochure-u-1-430x608.webp 430w, https:\/\/armada.az\/wp-content\/uploads\/2024\/06\/ex3brochure-u-1-700x990.webp 700w, https:\/\/armada.az\/wp-content\/uploads\/2024\/06\/ex3brochure-u-1-148x209.webp 148w\" sizes=\"(max-width: 1400px) 100vw, 1400px\" \/><\/p>\n<p>&nbsp;<\/p>\n","protected":false},"excerpt":{"rendered":"<p>Colors :<\/p>\n<p>White\/Gray\/IncisalBlue1\/IncisalBlue2\/MamelonOrange1\/<\/p>\n<p>MamelonOrange2\/Cervical1\/Cervical2\/Cervical3\/EarthBrown\/<\/p>\n<p>ReddishBrown\/SalmonPink\/Red\/A+\/B+\/C+\/D+\/Bright\/Fluoro<\/p>\n","protected":false},"featured_media":23021,"template":"","meta":{"_acf_changed":false},"product_cat":[397,383,399],"product_tag":[],"class_list":{"0":"post-23015","1":"product","2":"type-product","3":"status-publish","4":"has-post-thumbnail","6":"product_cat-laboratory-consumables","7":"product_cat-laboratory-products","8":"product_cat-porcelains","9":"pa_istehsalci-olk-japan","11":"first","12":"instock","13":"shipping-taxable","14":"purchasable","15":"product-type-variable"},"acf":[],"yoast_head":"<!-- This site is optimized with the Yoast SEO Premium plugin v21.8 (Yoast SEO v21.8) - https:\/\/yoast.com\/wordpress\/plugins\/seo\/ -->\n<title>EX-3 KITS - NORITAKE - armada<\/title>\n<meta name=\"robots\" content=\"index, follow, max-snippet:-1, max-image-preview:large, max-video-preview:-1\" \/>\n<link rel=\"canonical\" href=\"https:\/\/armada.az\/en\/product\/ex3-internal-stain-noritake-copy-copy\/\" \/>\n<meta property=\"og:locale\" content=\"en_US\" \/>\n<meta property=\"og:type\" content=\"article\" \/>\n<meta property=\"og:title\" content=\"EX-3 KITS - NORITAKE\" \/>\n<meta property=\"og:description\" content=\"Colors : White\/Gray\/IncisalBlue1\/IncisalBlue2\/MamelonOrange1\/ MamelonOrange2\/Cervical1\/Cervical2\/Cervical3\/EarthBrown\/ ReddishBrown\/SalmonPink\/Red\/A+\/B+\/C+\/D+\/Bright\/Fluoro\" \/>\n<meta property=\"og:url\" content=\"https:\/\/armada.az\/en\/product\/ex3-internal-stain-noritake-copy-copy\/\" \/>\n<meta property=\"og:site_name\" content=\"armada\" \/>\n<meta property=\"article:modified_time\" content=\"2024-06-14T10:11:47+00:00\" \/>\n<meta property=\"og:image\" content=\"https:\/\/armada.az\/wp-content\/uploads\/2024\/06\/eeu-6.webp\" \/>\n\t<meta property=\"og:image:width\" content=\"800\" \/>\n\t<meta property=\"og:image:height\" content=\"600\" \/>\n\t<meta property=\"og:image:type\" content=\"image\/webp\" \/>\n<meta name=\"twitter:card\" content=\"summary_large_image\" \/>\n<meta name=\"twitter:label1\" content=\"Est. reading time\" \/>\n\t<meta name=\"twitter:data1\" content=\"1 minute\" \/>\n<script type=\"application\/ld+json\" class=\"yoast-schema-graph\">{\"@context\":\"https:\/\/schema.org\",\"@graph\":[{\"@type\":\"WebPage\",\"@id\":\"https:\/\/armada.az\/en\/product\/ex3-internal-stain-noritake-copy-copy\/\",\"url\":\"https:\/\/armada.az\/en\/product\/ex3-internal-stain-noritake-copy-copy\/\",\"name\":\"EX-3 KITS - NORITAKE - armada\",\"isPartOf\":{\"@id\":\"https:\/\/armada.az\/en\/#website\"},\"datePublished\":\"2024-06-14T09:56:44+00:00\",\"dateModified\":\"2024-06-14T10:11:47+00:00\",\"breadcrumb\":{\"@id\":\"https:\/\/armada.az\/en\/product\/ex3-internal-stain-noritake-copy-copy\/#breadcrumb\"},\"inLanguage\":\"en-US\",\"potentialAction\":[{\"@type\":\"ReadAction\",\"target\":[\"https:\/\/armada.az\/en\/product\/ex3-internal-stain-noritake-copy-copy\/\"]}]},{\"@type\":\"BreadcrumbList\",\"@id\":\"https:\/\/armada.az\/en\/product\/ex3-internal-stain-noritake-copy-copy\/#breadcrumb\",\"itemListElement\":[{\"@type\":\"ListItem\",\"position\":1,\"name\":\"Ana s\u0259hif\u0259\",\"item\":\"https:\/\/armada.az\/en\/home\/\"},{\"@type\":\"ListItem\",\"position\":2,\"name\":\"M\u0259hsullar\",\"item\":\"https:\/\/armada.az\/en\/shop\/\"},{\"@type\":\"ListItem\",\"position\":3,\"name\":\"EX-3 KITS &#8211; NORITAKE\"}]},{\"@type\":\"WebSite\",\"@id\":\"https:\/\/armada.az\/en\/#website\",\"url\":\"https:\/\/armada.az\/en\/\",\"name\":\"armada\",\"description\":\"armada\",\"publisher\":{\"@id\":\"https:\/\/armada.az\/en\/#organization\"},\"potentialAction\":[{\"@type\":\"SearchAction\",\"target\":{\"@type\":\"EntryPoint\",\"urlTemplate\":\"https:\/\/armada.az\/en\/?s={search_term_string}\"},\"query-input\":\"required name=search_term_string\"}],\"inLanguage\":\"en-US\"},{\"@type\":\"Organization\",\"@id\":\"https:\/\/armada.az\/en\/#organization\",\"name\":\"armada\",\"url\":\"https:\/\/armada.az\/en\/\",\"logo\":{\"@type\":\"ImageObject\",\"inLanguage\":\"en-US\",\"@id\":\"https:\/\/armada.az\/en\/#\/schema\/logo\/image\/\",\"url\":\"https:\/\/armada.az\/wp-content\/uploads\/2024\/03\/armadologo.svg\",\"contentUrl\":\"https:\/\/armada.az\/wp-content\/uploads\/2024\/03\/armadologo.svg\",\"width\":189,\"height\":45,\"caption\":\"armada\"},\"image\":{\"@id\":\"https:\/\/armada.az\/en\/#\/schema\/logo\/image\/\"}}]}<\/script>\n<!-- \/ Yoast SEO Premium plugin. -->","yoast_head_json":{"title":"EX-3 KITS - NORITAKE - armada","robots":{"index":"index","follow":"follow","max-snippet":"max-snippet:-1","max-image-preview":"max-image-preview:large","max-video-preview":"max-video-preview:-1"},"canonical":"https:\/\/armada.az\/en\/product\/ex3-internal-stain-noritake-copy-copy\/","og_locale":"en_US","og_type":"article","og_title":"EX-3 KITS - NORITAKE","og_description":"Colors : White\/Gray\/IncisalBlue1\/IncisalBlue2\/MamelonOrange1\/ MamelonOrange2\/Cervical1\/Cervical2\/Cervical3\/EarthBrown\/ ReddishBrown\/SalmonPink\/Red\/A+\/B+\/C+\/D+\/Bright\/Fluoro","og_url":"https:\/\/armada.az\/en\/product\/ex3-internal-stain-noritake-copy-copy\/","og_site_name":"armada","article_modified_time":"2024-06-14T10:11:47+00:00","og_image":[{"width":800,"height":600,"url":"https:\/\/armada.az\/wp-content\/uploads\/2024\/06\/eeu-6.webp","type":"image\/webp"}],"twitter_card":"summary_large_image","twitter_misc":{"Est. reading time":"1 minute"},"schema":{"@context":"https:\/\/schema.org","@graph":[{"@type":"WebPage","@id":"https:\/\/armada.az\/en\/product\/ex3-internal-stain-noritake-copy-copy\/","url":"https:\/\/armada.az\/en\/product\/ex3-internal-stain-noritake-copy-copy\/","name":"EX-3 KITS - NORITAKE - armada","isPartOf":{"@id":"https:\/\/armada.az\/en\/#website"},"datePublished":"2024-06-14T09:56:44+00:00","dateModified":"2024-06-14T10:11:47+00:00","breadcrumb":{"@id":"https:\/\/armada.az\/en\/product\/ex3-internal-stain-noritake-copy-copy\/#breadcrumb"},"inLanguage":"en-US","potentialAction":[{"@type":"ReadAction","target":["https:\/\/armada.az\/en\/product\/ex3-internal-stain-noritake-copy-copy\/"]}]},{"@type":"BreadcrumbList","@id":"https:\/\/armada.az\/en\/product\/ex3-internal-stain-noritake-copy-copy\/#breadcrumb","itemListElement":[{"@type":"ListItem","position":1,"name":"Ana s\u0259hif\u0259","item":"https:\/\/armada.az\/en\/home\/"},{"@type":"ListItem","position":2,"name":"M\u0259hsullar","item":"https:\/\/armada.az\/en\/shop\/"},{"@type":"ListItem","position":3,"name":"EX-3 KITS &#8211; NORITAKE"}]},{"@type":"WebSite","@id":"https:\/\/armada.az\/en\/#website","url":"https:\/\/armada.az\/en\/","name":"armada","description":"armada","publisher":{"@id":"https:\/\/armada.az\/en\/#organization"},"potentialAction":[{"@type":"SearchAction","target":{"@type":"EntryPoint","urlTemplate":"https:\/\/armada.az\/en\/?s={search_term_string}"},"query-input":"required name=search_term_string"}],"inLanguage":"en-US"},{"@type":"Organization","@id":"https:\/\/armada.az\/en\/#organization","name":"armada","url":"https:\/\/armada.az\/en\/","logo":{"@type":"ImageObject","inLanguage":"en-US","@id":"https:\/\/armada.az\/en\/#\/schema\/logo\/image\/","url":"https:\/\/armada.az\/wp-content\/uploads\/2024\/03\/armadologo.svg","contentUrl":"https:\/\/armada.az\/wp-content\/uploads\/2024\/03\/armadologo.svg","width":189,"height":45,"caption":"armada"},"image":{"@id":"https:\/\/armada.az\/en\/#\/schema\/logo\/image\/"}}]}},"_links":{"self":[{"href":"https:\/\/armada.az\/en\/wp-json\/wp\/v2\/product\/23015","targetHints":{"allow":["GET"]}}],"collection":[{"href":"https:\/\/armada.az\/en\/wp-json\/wp\/v2\/product"}],"about":[{"href":"https:\/\/armada.az\/en\/wp-json\/wp\/v2\/types\/product"}],"version-history":[{"count":2,"href":"https:\/\/armada.az\/en\/wp-json\/wp\/v2\/product\/23015\/revisions"}],"predecessor-version":[{"id":23059,"href":"https:\/\/armada.az\/en\/wp-json\/wp\/v2\/product\/23015\/revisions\/23059"}],"wp:featuredmedia":[{"embeddable":true,"href":"https:\/\/armada.az\/en\/wp-json\/wp\/v2\/media\/23021"}],"wp:attachment":[{"href":"https:\/\/armada.az\/en\/wp-json\/wp\/v2\/media?parent=23015"}],"wp:term":[{"taxonomy":"product_cat","embeddable":true,"href":"https:\/\/armada.az\/en\/wp-json\/wp\/v2\/product_cat?post=23015"},{"taxonomy":"product_tag","embeddable":true,"href":"https:\/\/armada.az\/en\/wp-json\/wp\/v2\/product_tag?post=23015"}],"curies":[{"name":"wp","href":"https:\/\/api.w.org\/{rel}","templated":true}]}}