{"id":21405,"date":"2024-06-07T11:46:11","date_gmt":"2024-06-07T11:46:11","guid":{"rendered":"https:\/\/armada.az\/product\/oroclean-plus-occ\/"},"modified":"2024-06-07T11:46:11","modified_gmt":"2024-06-07T11:46:11","slug":"oroclean-plus-occ","status":"publish","type":"product","link":"https:\/\/armada.az\/en\/product\/oroclean-plus-occ\/","title":{"rendered":"OroClean Plus &#8211; OCC"},"content":{"rendered":"<p><strong>Oro Clean<\/strong> <strong>Plus<\/strong><\/p>\n<ul>\n<li>\u2022 Use for disinfection and cleaning of hopper units, spittoons and amalgam separators. Disinfect or clean your Suction device daily or according to local regulations. <\/li>\n<\/ul>\n<p>After surgery and before disinfection, rinse the Hopper unit thoroughly with water. For disinfection, prepare 2 liters of working solution according to the instructions on the front label. Use the cap as a measuring cup to measure the correct dose. Using the OROCLEAN\u00ae cup, absorb 2 L of working solution and pour the remaining 1 L of solution into the spittoon. Allow 30 minutes for the cleaning and disinfection process. After disinfection, rinse thoroughly with water.  <\/p>\n<p>OROCLEAN\u00ae fincan\u0131ndan istifad\u0259 ed\u0259r\u0259k2lt i\u015f\u00e7i m\u0259hlulu hopdurun v\u0259 qalan 1 lt m\u0259hlulu t\u00fcp\u00fcrc\u0259k qab\u0131na t\u00f6k\u00fcn. 30 d\u0259qiq\u0259 t\u0259mizl\u0259nm\u0259 v\u0259 dezinfeksiya prosesin\u0259 ay\u0131r\u0131n. Using the <strong>OROCLEAN\u00ae cup<\/strong>, absorb <strong><u>2<\/u><\/strong> <u><strong>L<\/strong><\/u> of working solution and pour the remaining <strong><u>1 L<\/u><\/strong> of solution into the spittoon. Allow <strong><u>30<\/u><\/strong> <strong><u>minutes<\/u><\/strong> for the cleaning and disinfection process. After disinfection, rinse thoroughly with water. <\/p>\n<p><strong><u>Effective Spectrum \/ Exposure Times <\/u><\/strong><\/p>\n<p>2% Bactericide for 30 minutes.<\/p>\n<p>2% Fungicide for 30 minutes.<\/p>\n<p>Hepatitis B virus 2% in 30 minutes.<\/p>\n<p>Hepatitis C virus 2% in 5 minutes.<\/p>\n<p>HIV 2% in 30 minutes.<\/p>\n<p>&nbsp;<\/p>\n<p>\u2022 <strong>Oro Clean <\/strong> <strong>Plus<\/strong> complies with DGHM standard methods, EN 1040, EN 1275 and RKI\/DVV guidelines.<\/p>\n<p>Delivery forms Product Code ORO CLEAN\u00ae Plus <strong>CH-071020<\/strong><\/p>\n<p><strong>Your benefits:<strong><\/strong><\/strong><\/p>\n<ul>\n<li>\u2022 <u>Long-term education <\/u> Thousands of dentists all over the world have been using this proven formula for years to disinfect and clean Suction devices with complete satisfaction!<\/li>\n<li> <strong>Oro Clean Plus<\/strong> solution does not create foam, because the composition of this solution contains anti-foaming agents to ensure the proper functioning of the aspiration device.<\/li>\n<li><strong> Application concentration 2% 2 liters of concentrate gives 100 liters of working solution.<\/strong><\/li>\n<li>\u2022 Maximum economic efficiency Disinfectant is available in 5 liter canisters to reduce waste and offer better value for money.<\/li>\n<li><strong> \u2022 Simple to use<\/strong><\/li>\n<li>\u2022 The bottle cap has 10 ml, 20 ml, 30 ml and 40 ml volume markings.<\/li>\n<li><strong>\u2022Oro Clean Plus<\/strong> is biodegradable and does not adversely affect the ecosystem.<\/li>\n<li>\u2022 Complies with European standards.<\/li>\n<\/ul>\n<p>Packaging: <strong><u>2 Lt<\/u><\/strong> <strong>ORO CLEAN\u00ae Plus <\/strong> CH-071020<\/p>\n","protected":false},"excerpt":{"rendered":"<p>Oro Clean Plus \u2022 Use for disinfection and cleaning of hopper units, spittoons and amalgam separators. Disinfect or clean your<\/p>\n","protected":false},"featured_media":21340,"template":"","meta":{"_acf_changed":false},"product_cat":[335,321,338],"product_tag":[],"class_list":{"0":"post-21405","1":"product","2":"type-product","3":"status-publish","4":"has-post-thumbnail","6":"product_cat-autoclaves-and-desinfection","7":"product_cat-clinical-products","8":"product_cat-desinfection-products","9":"pa_istehsalci-olk-switzerland","11":"first","12":"instock","13":"shipping-taxable","14":"purchasable","15":"product-type-simple"},"acf":[],"yoast_head":"<!-- This site is optimized with the Yoast SEO Premium plugin v21.8 (Yoast SEO v21.8) - https:\/\/yoast.com\/wordpress\/plugins\/seo\/ -->\n<title>OroClean Plus - OCC - armada<\/title>\n<meta name=\"robots\" content=\"index, follow, max-snippet:-1, max-image-preview:large, max-video-preview:-1\" \/>\n<link rel=\"canonical\" href=\"https:\/\/armada.az\/en\/product\/oroclean-plus-occ\/\" \/>\n<meta property=\"og:locale\" content=\"en_US\" \/>\n<meta property=\"og:type\" content=\"article\" \/>\n<meta property=\"og:title\" content=\"OroClean Plus - OCC\" \/>\n<meta property=\"og:description\" content=\"Oro Clean Plus \u2022 Use for disinfection and cleaning of hopper units, spittoons and amalgam separators. Disinfect or clean your\" \/>\n<meta property=\"og:url\" content=\"https:\/\/armada.az\/en\/product\/oroclean-plus-occ\/\" \/>\n<meta property=\"og:site_name\" content=\"armada\" \/>\n<meta property=\"og:image\" content=\"https:\/\/armada.az\/wp-content\/uploads\/2024\/06\/eeu-2.webp\" \/>\n\t<meta property=\"og:image:width\" content=\"800\" \/>\n\t<meta property=\"og:image:height\" content=\"600\" \/>\n\t<meta property=\"og:image:type\" content=\"image\/webp\" \/>\n<meta name=\"twitter:card\" content=\"summary_large_image\" \/>\n<meta name=\"twitter:label1\" content=\"Est. reading time\" \/>\n\t<meta name=\"twitter:data1\" content=\"2 minutes\" \/>\n<script type=\"application\/ld+json\" class=\"yoast-schema-graph\">{\"@context\":\"https:\/\/schema.org\",\"@graph\":[{\"@type\":\"WebPage\",\"@id\":\"https:\/\/armada.az\/en\/product\/oroclean-plus-occ\/\",\"url\":\"https:\/\/armada.az\/en\/product\/oroclean-plus-occ\/\",\"name\":\"OroClean Plus - OCC - armada\",\"isPartOf\":{\"@id\":\"https:\/\/armada.az\/en\/#website\"},\"datePublished\":\"2024-06-07T11:46:11+00:00\",\"dateModified\":\"2024-06-07T11:46:11+00:00\",\"breadcrumb\":{\"@id\":\"https:\/\/armada.az\/en\/product\/oroclean-plus-occ\/#breadcrumb\"},\"inLanguage\":\"en-US\",\"potentialAction\":[{\"@type\":\"ReadAction\",\"target\":[\"https:\/\/armada.az\/en\/product\/oroclean-plus-occ\/\"]}]},{\"@type\":\"BreadcrumbList\",\"@id\":\"https:\/\/armada.az\/en\/product\/oroclean-plus-occ\/#breadcrumb\",\"itemListElement\":[{\"@type\":\"ListItem\",\"position\":1,\"name\":\"Ana s\u0259hif\u0259\",\"item\":\"https:\/\/armada.az\/en\/home\/\"},{\"@type\":\"ListItem\",\"position\":2,\"name\":\"M\u0259hsullar\",\"item\":\"https:\/\/armada.az\/en\/shop\/\"},{\"@type\":\"ListItem\",\"position\":3,\"name\":\"OroClean Plus &#8211; OCC\"}]},{\"@type\":\"WebSite\",\"@id\":\"https:\/\/armada.az\/en\/#website\",\"url\":\"https:\/\/armada.az\/en\/\",\"name\":\"armada\",\"description\":\"armada\",\"publisher\":{\"@id\":\"https:\/\/armada.az\/en\/#organization\"},\"potentialAction\":[{\"@type\":\"SearchAction\",\"target\":{\"@type\":\"EntryPoint\",\"urlTemplate\":\"https:\/\/armada.az\/en\/?s={search_term_string}\"},\"query-input\":\"required name=search_term_string\"}],\"inLanguage\":\"en-US\"},{\"@type\":\"Organization\",\"@id\":\"https:\/\/armada.az\/en\/#organization\",\"name\":\"armada\",\"url\":\"https:\/\/armada.az\/en\/\",\"logo\":{\"@type\":\"ImageObject\",\"inLanguage\":\"en-US\",\"@id\":\"https:\/\/armada.az\/en\/#\/schema\/logo\/image\/\",\"url\":\"https:\/\/armada.az\/wp-content\/uploads\/2024\/03\/armadologo.svg\",\"contentUrl\":\"https:\/\/armada.az\/wp-content\/uploads\/2024\/03\/armadologo.svg\",\"width\":189,\"height\":45,\"caption\":\"armada\"},\"image\":{\"@id\":\"https:\/\/armada.az\/en\/#\/schema\/logo\/image\/\"}}]}<\/script>\n<!-- \/ Yoast SEO Premium plugin. -->","yoast_head_json":{"title":"OroClean Plus - OCC - armada","robots":{"index":"index","follow":"follow","max-snippet":"max-snippet:-1","max-image-preview":"max-image-preview:large","max-video-preview":"max-video-preview:-1"},"canonical":"https:\/\/armada.az\/en\/product\/oroclean-plus-occ\/","og_locale":"en_US","og_type":"article","og_title":"OroClean Plus - OCC","og_description":"Oro Clean Plus \u2022 Use for disinfection and cleaning of hopper units, spittoons and amalgam separators. Disinfect or clean your","og_url":"https:\/\/armada.az\/en\/product\/oroclean-plus-occ\/","og_site_name":"armada","og_image":[{"width":800,"height":600,"url":"https:\/\/armada.az\/wp-content\/uploads\/2024\/06\/eeu-2.webp","type":"image\/webp"}],"twitter_card":"summary_large_image","twitter_misc":{"Est. reading time":"2 minutes"},"schema":{"@context":"https:\/\/schema.org","@graph":[{"@type":"WebPage","@id":"https:\/\/armada.az\/en\/product\/oroclean-plus-occ\/","url":"https:\/\/armada.az\/en\/product\/oroclean-plus-occ\/","name":"OroClean Plus - OCC - armada","isPartOf":{"@id":"https:\/\/armada.az\/en\/#website"},"datePublished":"2024-06-07T11:46:11+00:00","dateModified":"2024-06-07T11:46:11+00:00","breadcrumb":{"@id":"https:\/\/armada.az\/en\/product\/oroclean-plus-occ\/#breadcrumb"},"inLanguage":"en-US","potentialAction":[{"@type":"ReadAction","target":["https:\/\/armada.az\/en\/product\/oroclean-plus-occ\/"]}]},{"@type":"BreadcrumbList","@id":"https:\/\/armada.az\/en\/product\/oroclean-plus-occ\/#breadcrumb","itemListElement":[{"@type":"ListItem","position":1,"name":"Ana s\u0259hif\u0259","item":"https:\/\/armada.az\/en\/home\/"},{"@type":"ListItem","position":2,"name":"M\u0259hsullar","item":"https:\/\/armada.az\/en\/shop\/"},{"@type":"ListItem","position":3,"name":"OroClean Plus &#8211; OCC"}]},{"@type":"WebSite","@id":"https:\/\/armada.az\/en\/#website","url":"https:\/\/armada.az\/en\/","name":"armada","description":"armada","publisher":{"@id":"https:\/\/armada.az\/en\/#organization"},"potentialAction":[{"@type":"SearchAction","target":{"@type":"EntryPoint","urlTemplate":"https:\/\/armada.az\/en\/?s={search_term_string}"},"query-input":"required name=search_term_string"}],"inLanguage":"en-US"},{"@type":"Organization","@id":"https:\/\/armada.az\/en\/#organization","name":"armada","url":"https:\/\/armada.az\/en\/","logo":{"@type":"ImageObject","inLanguage":"en-US","@id":"https:\/\/armada.az\/en\/#\/schema\/logo\/image\/","url":"https:\/\/armada.az\/wp-content\/uploads\/2024\/03\/armadologo.svg","contentUrl":"https:\/\/armada.az\/wp-content\/uploads\/2024\/03\/armadologo.svg","width":189,"height":45,"caption":"armada"},"image":{"@id":"https:\/\/armada.az\/en\/#\/schema\/logo\/image\/"}}]}},"_links":{"self":[{"href":"https:\/\/armada.az\/en\/wp-json\/wp\/v2\/product\/21405","targetHints":{"allow":["GET"]}}],"collection":[{"href":"https:\/\/armada.az\/en\/wp-json\/wp\/v2\/product"}],"about":[{"href":"https:\/\/armada.az\/en\/wp-json\/wp\/v2\/types\/product"}],"version-history":[{"count":0,"href":"https:\/\/armada.az\/en\/wp-json\/wp\/v2\/product\/21405\/revisions"}],"wp:featuredmedia":[{"embeddable":true,"href":"https:\/\/armada.az\/en\/wp-json\/wp\/v2\/media\/21340"}],"wp:attachment":[{"href":"https:\/\/armada.az\/en\/wp-json\/wp\/v2\/media?parent=21405"}],"wp:term":[{"taxonomy":"product_cat","embeddable":true,"href":"https:\/\/armada.az\/en\/wp-json\/wp\/v2\/product_cat?post=21405"},{"taxonomy":"product_tag","embeddable":true,"href":"https:\/\/armada.az\/en\/wp-json\/wp\/v2\/product_tag?post=21405"}],"curies":[{"name":"wp","href":"https:\/\/api.w.org\/{rel}","templated":true}]}}