{"id":20941,"date":"2024-08-29T13:50:49","date_gmt":"2024-08-29T13:50:49","guid":{"rendered":"https:\/\/armada.az\/?post_type=product&#038;p=20941"},"modified":"2025-12-09T16:58:22","modified_gmt":"2025-12-09T12:58:22","slug":"ray-98p-runyes-portativ-dental-rentgen","status":"publish","type":"product","link":"https:\/\/armada.az\/en\/product\/ray-98p-runyes-portativ-dental-rentgen\/","title":{"rendered":"RAY 98P &#8211; Runyes Portativ dental rentgen"},"content":{"rendered":"<ul>\n<li>Model NO.RAY98(P)Tube Current 2mATime Exposure 0.01~~1.6(S)Rated Power 120vaFocus Spot Size 0.4mm(Toshiba)Battery 24.2 V\n<p>Transport Package Carton<\/p>\n<p>\u00d6l\u00e7\u00fcl\u0259r 330*310*230mm<\/li>\n<\/ul>\n","protected":false},"excerpt":{"rendered":"<p>Model NO.RAY98(P)Tube Current 2mATime Exposure 0.01~~1.6(S)Rated Power 120vaFocus Spot Size 0.4mm(Toshiba)Battery 24.2 V Transport Package Carton \u00d6l\u00e7\u00fcl\u0259r 330*310*230mm<\/p>\n","protected":false},"featured_media":20943,"template":"","meta":{"_acf_changed":false},"product_cat":[353,348],"product_tag":[],"class_list":{"0":"post-20941","1":"product","2":"type-product","3":"status-publish","4":"has-post-thumbnail","6":"product_cat-dental-x-rays","7":"product_cat-imaging","8":"pa_istehsalci-olk-china","10":"first","11":"instock","12":"sale","13":"shipping-taxable","14":"purchasable","15":"product-type-simple"},"acf":[],"yoast_head":"<!-- This site is optimized with the Yoast SEO Premium plugin v21.8 (Yoast SEO v21.8) - https:\/\/yoast.com\/wordpress\/plugins\/seo\/ -->\n<title>RAY 98P - Runyes Portativ dental rentgen - armada<\/title>\n<meta name=\"robots\" content=\"index, follow, max-snippet:-1, max-image-preview:large, max-video-preview:-1\" \/>\n<link rel=\"canonical\" href=\"https:\/\/armada.az\/en\/product\/ray-98p-runyes-portativ-dental-rentgen\/\" \/>\n<meta property=\"og:locale\" content=\"en_US\" \/>\n<meta property=\"og:type\" content=\"article\" \/>\n<meta property=\"og:title\" content=\"RAY 98P - Runyes Portativ dental rentgen\" \/>\n<meta property=\"og:description\" content=\"Model NO.RAY98(P)Tube Current 2mATime Exposure 0.01~~1.6(S)Rated Power 120vaFocus Spot Size 0.4mm(Toshiba)Battery 24.2 V Transport Package Carton \u00d6l\u00e7\u00fcl\u0259r 330*310*230mm\" \/>\n<meta property=\"og:url\" content=\"https:\/\/armada.az\/en\/product\/ray-98p-runyes-portativ-dental-rentgen\/\" \/>\n<meta property=\"og:site_name\" content=\"armada\" \/>\n<meta property=\"article:modified_time\" content=\"2025-12-09T12:58:22+00:00\" \/>\n<meta property=\"og:image\" content=\"https:\/\/armada.az\/wp-content\/uploads\/2024\/06\/eu-22.webp\" \/>\n\t<meta property=\"og:image:width\" content=\"800\" \/>\n\t<meta property=\"og:image:height\" content=\"600\" \/>\n\t<meta property=\"og:image:type\" content=\"image\/webp\" \/>\n<meta name=\"twitter:card\" content=\"summary_large_image\" \/>\n<meta name=\"twitter:label1\" content=\"Est. reading time\" \/>\n\t<meta name=\"twitter:data1\" content=\"1 minute\" \/>\n<script type=\"application\/ld+json\" class=\"yoast-schema-graph\">{\"@context\":\"https:\/\/schema.org\",\"@graph\":[{\"@type\":\"WebPage\",\"@id\":\"https:\/\/armada.az\/en\/product\/ray-98p-runyes-portativ-dental-rentgen\/\",\"url\":\"https:\/\/armada.az\/en\/product\/ray-98p-runyes-portativ-dental-rentgen\/\",\"name\":\"RAY 98P - Runyes Portativ dental rentgen - armada\",\"isPartOf\":{\"@id\":\"https:\/\/armada.az\/en\/#website\"},\"datePublished\":\"2024-08-29T13:50:49+00:00\",\"dateModified\":\"2025-12-09T12:58:22+00:00\",\"breadcrumb\":{\"@id\":\"https:\/\/armada.az\/en\/product\/ray-98p-runyes-portativ-dental-rentgen\/#breadcrumb\"},\"inLanguage\":\"en-US\",\"potentialAction\":[{\"@type\":\"ReadAction\",\"target\":[\"https:\/\/armada.az\/en\/product\/ray-98p-runyes-portativ-dental-rentgen\/\"]}]},{\"@type\":\"BreadcrumbList\",\"@id\":\"https:\/\/armada.az\/en\/product\/ray-98p-runyes-portativ-dental-rentgen\/#breadcrumb\",\"itemListElement\":[{\"@type\":\"ListItem\",\"position\":1,\"name\":\"Ana s\u0259hif\u0259\",\"item\":\"https:\/\/armada.az\/en\/home\/\"},{\"@type\":\"ListItem\",\"position\":2,\"name\":\"M\u0259hsullar\",\"item\":\"https:\/\/armada.az\/en\/shop\/\"},{\"@type\":\"ListItem\",\"position\":3,\"name\":\"RAY 98P &#8211; Runyes Portativ dental rentgen\"}]},{\"@type\":\"WebSite\",\"@id\":\"https:\/\/armada.az\/en\/#website\",\"url\":\"https:\/\/armada.az\/en\/\",\"name\":\"armada\",\"description\":\"armada\",\"publisher\":{\"@id\":\"https:\/\/armada.az\/en\/#organization\"},\"potentialAction\":[{\"@type\":\"SearchAction\",\"target\":{\"@type\":\"EntryPoint\",\"urlTemplate\":\"https:\/\/armada.az\/en\/?s={search_term_string}\"},\"query-input\":\"required name=search_term_string\"}],\"inLanguage\":\"en-US\"},{\"@type\":\"Organization\",\"@id\":\"https:\/\/armada.az\/en\/#organization\",\"name\":\"armada\",\"url\":\"https:\/\/armada.az\/en\/\",\"logo\":{\"@type\":\"ImageObject\",\"inLanguage\":\"en-US\",\"@id\":\"https:\/\/armada.az\/en\/#\/schema\/logo\/image\/\",\"url\":\"https:\/\/armada.az\/wp-content\/uploads\/2024\/03\/armadologo.svg\",\"contentUrl\":\"https:\/\/armada.az\/wp-content\/uploads\/2024\/03\/armadologo.svg\",\"width\":189,\"height\":45,\"caption\":\"armada\"},\"image\":{\"@id\":\"https:\/\/armada.az\/en\/#\/schema\/logo\/image\/\"}}]}<\/script>\n<!-- \/ Yoast SEO Premium plugin. -->","yoast_head_json":{"title":"RAY 98P - Runyes Portativ dental rentgen - armada","robots":{"index":"index","follow":"follow","max-snippet":"max-snippet:-1","max-image-preview":"max-image-preview:large","max-video-preview":"max-video-preview:-1"},"canonical":"https:\/\/armada.az\/en\/product\/ray-98p-runyes-portativ-dental-rentgen\/","og_locale":"en_US","og_type":"article","og_title":"RAY 98P - Runyes Portativ dental rentgen","og_description":"Model NO.RAY98(P)Tube Current 2mATime Exposure 0.01~~1.6(S)Rated Power 120vaFocus Spot Size 0.4mm(Toshiba)Battery 24.2 V Transport Package Carton \u00d6l\u00e7\u00fcl\u0259r 330*310*230mm","og_url":"https:\/\/armada.az\/en\/product\/ray-98p-runyes-portativ-dental-rentgen\/","og_site_name":"armada","article_modified_time":"2025-12-09T12:58:22+00:00","og_image":[{"width":800,"height":600,"url":"https:\/\/armada.az\/wp-content\/uploads\/2024\/06\/eu-22.webp","type":"image\/webp"}],"twitter_card":"summary_large_image","twitter_misc":{"Est. reading time":"1 minute"},"schema":{"@context":"https:\/\/schema.org","@graph":[{"@type":"WebPage","@id":"https:\/\/armada.az\/en\/product\/ray-98p-runyes-portativ-dental-rentgen\/","url":"https:\/\/armada.az\/en\/product\/ray-98p-runyes-portativ-dental-rentgen\/","name":"RAY 98P - Runyes Portativ dental rentgen - armada","isPartOf":{"@id":"https:\/\/armada.az\/en\/#website"},"datePublished":"2024-08-29T13:50:49+00:00","dateModified":"2025-12-09T12:58:22+00:00","breadcrumb":{"@id":"https:\/\/armada.az\/en\/product\/ray-98p-runyes-portativ-dental-rentgen\/#breadcrumb"},"inLanguage":"en-US","potentialAction":[{"@type":"ReadAction","target":["https:\/\/armada.az\/en\/product\/ray-98p-runyes-portativ-dental-rentgen\/"]}]},{"@type":"BreadcrumbList","@id":"https:\/\/armada.az\/en\/product\/ray-98p-runyes-portativ-dental-rentgen\/#breadcrumb","itemListElement":[{"@type":"ListItem","position":1,"name":"Ana s\u0259hif\u0259","item":"https:\/\/armada.az\/en\/home\/"},{"@type":"ListItem","position":2,"name":"M\u0259hsullar","item":"https:\/\/armada.az\/en\/shop\/"},{"@type":"ListItem","position":3,"name":"RAY 98P &#8211; Runyes Portativ dental rentgen"}]},{"@type":"WebSite","@id":"https:\/\/armada.az\/en\/#website","url":"https:\/\/armada.az\/en\/","name":"armada","description":"armada","publisher":{"@id":"https:\/\/armada.az\/en\/#organization"},"potentialAction":[{"@type":"SearchAction","target":{"@type":"EntryPoint","urlTemplate":"https:\/\/armada.az\/en\/?s={search_term_string}"},"query-input":"required name=search_term_string"}],"inLanguage":"en-US"},{"@type":"Organization","@id":"https:\/\/armada.az\/en\/#organization","name":"armada","url":"https:\/\/armada.az\/en\/","logo":{"@type":"ImageObject","inLanguage":"en-US","@id":"https:\/\/armada.az\/en\/#\/schema\/logo\/image\/","url":"https:\/\/armada.az\/wp-content\/uploads\/2024\/03\/armadologo.svg","contentUrl":"https:\/\/armada.az\/wp-content\/uploads\/2024\/03\/armadologo.svg","width":189,"height":45,"caption":"armada"},"image":{"@id":"https:\/\/armada.az\/en\/#\/schema\/logo\/image\/"}}]}},"_links":{"self":[{"href":"https:\/\/armada.az\/en\/wp-json\/wp\/v2\/product\/20941","targetHints":{"allow":["GET"]}}],"collection":[{"href":"https:\/\/armada.az\/en\/wp-json\/wp\/v2\/product"}],"about":[{"href":"https:\/\/armada.az\/en\/wp-json\/wp\/v2\/types\/product"}],"version-history":[{"count":14,"href":"https:\/\/armada.az\/en\/wp-json\/wp\/v2\/product\/20941\/revisions"}],"predecessor-version":[{"id":25482,"href":"https:\/\/armada.az\/en\/wp-json\/wp\/v2\/product\/20941\/revisions\/25482"}],"wp:featuredmedia":[{"embeddable":true,"href":"https:\/\/armada.az\/en\/wp-json\/wp\/v2\/media\/20943"}],"wp:attachment":[{"href":"https:\/\/armada.az\/en\/wp-json\/wp\/v2\/media?parent=20941"}],"wp:term":[{"taxonomy":"product_cat","embeddable":true,"href":"https:\/\/armada.az\/en\/wp-json\/wp\/v2\/product_cat?post=20941"},{"taxonomy":"product_tag","embeddable":true,"href":"https:\/\/armada.az\/en\/wp-json\/wp\/v2\/product_tag?post=20941"}],"curies":[{"name":"wp","href":"https:\/\/api.w.org\/{rel}","templated":true}]}}